{"id":1809,"date":"2021-01-03T20:33:08","date_gmt":"2021-01-03T19:33:08","guid":{"rendered":"http:\/\/privilegeconciergerie.com\/?page_id=1809"},"modified":"2021-01-03T21:05:55","modified_gmt":"2021-01-03T20:05:55","slug":"mentions-legales","status":"publish","type":"page","link":"https:\/\/privilegeconciergerie.com\/fr\/mentions-legales\/","title":{"rendered":"Mentions l\u00e9gales"},"content":{"rendered":"<p>Mentions l\u00e9gales<\/p>\n<table border=\"0\">\n<tbody>\n<tr>\n<td>Ville :<\/td>\n<td>Bruxelles<\/td>\n<\/tr>\n<tr>\n<td>Pays :<\/td>\n<td>Belgique<\/td>\n<\/tr>\n<tr>\n<td>E-mail :<\/td>\n<td><a href=\"mailto:info@privilegeconciergerie.com\">info@privilegeconciergerie.com<\/a><\/td>\n<\/tr>\n<tr>\n<td>Site web :<\/td>\n<td>http:\/\/www.privilegeconciergerie.com<\/td>\n<\/tr>\n<\/tbody>\n<\/table>\n<p>Les pr\u00e9sentes conditions d\u2019utilisation sont d\u2019application sur le site Internet <strong>www.privilegeconciergerie.com<\/strong>. A chaque fois que vous utilisez ou donnez acc\u00e8s \u00e0 ce site, vous donnez votre accord pour \u00eatre li\u00e9 \u00e0 ces Conditions d\u2019utilisation, qui peuvent subir des changements sans que nous soyons dans l\u2019obligation de vous les notifier. De plus, en utilisant un service sur, ou acc\u00e9d\u00e9 par, ce site, vous serez soumis \u00e0 toute r\u00e8gle li\u00e9e \u00e0 ce service qui sera consid\u00e9r\u00e9e d\u00e8s lors comme faisant partie des Conditions d\u2019utilisation. Merci de parcourir notre Politique de confidentialit\u00e9, qui fait \u00e9galement partie de nos Conditions d\u2019utilisation par r\u00e9f\u00e9rence.<strong>Acceptation des Conditions d\u2019Utilisation<\/strong><\/p>\n<p><strong>Nos Services<\/strong><\/p>\n<p>Ce site et les services propos\u00e9s sont fournis \u00ab\u00a0TELS QUELS\u00a0\u00bb. Vous reconnaissez aux propri\u00e9taires du site le droit, sans notification et ou d\u00e9dommagement aucun, de modifier ou suspendre ce site et ou ses services en totalit\u00e9 ou en partie, ainsi que de supprimer les donn\u00e9es que vous auriez fournies, de mani\u00e8re temporaire ou permanente. Nous ne serons en aucune fa\u00e7on responsables de l\u2019acc\u00e8s, de l\u2019exactitude, de la perte ou de la conservation des donn\u00e9es ou informations.<\/p>\n<p>&nbsp;<\/p>\n<p><strong>Vos responsabilit\u00e9s et obligations<\/strong><\/p>\n<p>Afin de pouvoir utiliser tous les services de ce site, vous devez accepter de fournir tous les renseignements marqu\u00e9s comme obligatoires, et \u00eatre majeur. Lors de cet enregistrement, vous devrez accepter nos Conditions d\u2019utilisation telles que not\u00e9es et sujettes \u00e0 modifications.<\/p>\n<p><strong>Politique de confidentialit\u00e9<\/strong><\/p>\n<p>Les donn\u00e9es d\u2019enregistrement et autres informations que nous pourrions recueillir sont soumis aux termes de notre Politique de Confidentialit\u00e9 (voir ci-apr\u00e8s).<\/p>\n<p><strong>Droits r\u00e9serv\u00e9s<\/strong><\/p>\n<p>Nous nous r\u00e9servons tous les droits, incluant mais non limit\u00e9 \u00e0 chacun et tous les copyrights, marques d\u00e9pos\u00e9es, brevets, secrets commerciaux, et n\u2019importe quel autre droit de la propri\u00e9t\u00e9 que nous pouvons avoir sur notre site Internet, son contenu, et les services qui peuvent y \u00eatre fournis. L\u2019utilisation de nos droits et propri\u00e9t\u00e9 exige notre consentement \u00e9crit pr\u00e9alable. Nous ne vous donnons aucune permission implicite ou explicite en vous rendant nos services accessibles, et vous n\u2019avez aucun droit de faire une quelconque utilisation commerciale de notre site Internet ou service sans notre consentement \u00e9crit pr\u00e9alable.<\/p>\n<p><strong>Copyright \/ Propri\u00e9t\u00e9 Intellectuelle<\/strong><\/p>\n<p>Si vous avez une raison de penser que votre propri\u00e9t\u00e9 intellectuelle a \u00e9t\u00e9 utilis\u00e9e de mani\u00e8re \u00e0 enfreindre votre copyright ou autres droits, contactez-nous.<\/p>\n<h4><strong>Politique de confidentialit\u00e9<\/strong><\/h4>\n<p><strong>Introduction<\/strong><\/p>\n<p>Les traitements de donn\u00e9es \u00e0 caract\u00e8re personnel relatifs \u00e0 ce site sont soumis \u00e0 la loi belge (Loi du 8 d\u00e9cembre 1992 relative \u00e0 la protection de la vie priv\u00e9e \u00e0 l\u2019\u00e9gard des traitements de donn\u00e9es \u00e0 caract\u00e8re personnel, modifi\u00e9e par la loi du 11 d\u00e9cembre 1998 transposant la directive 95\/46\/CE du 24 octobre 1995 du Parlement europ\u00e9en et du Conseil relative \u00e0 la protection des personnes physiques \u00e0 l\u2019\u00e9gard du traitement de donn\u00e9es \u00e0 caract\u00e8re personnel et \u00e0 la libre circulation de ces donn\u00e9es).<\/p>\n<p>La Politique de confidentialit\u00e9 concerne les \u00e9l\u00e9ments personnels identifiables (nomm\u00e9es \u00ab\u00a0Donn\u00e9es\u00a0\u00bb ci-apr\u00e8s) qui pourraient \u00eatre collect\u00e9s lors de l\u2019utilisation de ce site. Cette politique ne s\u2019applique pas \u00e0 d\u2019autres entit\u00e9s hors de notre contr\u00f4le ou propri\u00e9t\u00e9, ou \u00e0 des personnes qui ne sont pas nos employ\u00e9s, agents ou sous notre responsabilit\u00e9. Merci de prendre le temps de lire nos Conditions d\u2019utilisation.<\/p>\n<p><strong>Collecte de Donn\u00e9es<\/strong><\/p>\n<p>Au cours de votre visite sur notre site, des donn\u00e9es personnelles vous concernant pourront \u00eatre recueillies ou trait\u00e9es de la fa\u00e7on suivante :<\/p>\n<p>\u2013 L\u2019envoi d\u2019un formulaire ;<br \/>\n\u2013 L\u2019envoi d\u2019un cookie.<\/p>\n<p>1. L\u2019envoi d\u2019un formulaire<\/p>\n<p>En cas de communication avec nous par courrier \u00e9lectronique, nous sommes peut \u00eatre amen\u00e9 \u00e0 vous demander de fournir des informations sp\u00e9cifiques via des formulaires. Ces donn\u00e9es \u00e0 caract\u00e8re personnel nous sont n\u00e9cessaires. En choisissant de saisir et de soumettre l\u2019information requise lorsqu\u2019elle est demand\u00e9e, vous consentez \u00e0 la r\u00e9colte et \u00e0 l\u2019utilisation par nous de cette information.<\/p>\n<p>2. Cookies<\/p>\n<p>Un cookie est un petit fichier envoy\u00e9 par un serveur Internet, qui s\u2019enregistre sur le disque dur de votre ordinateur. Il garde la trace du site Internet visit\u00e9 et contient un certain nombre d\u2019informations sur cette visite. Il est possible que, lors de votre visite sur notre site\u00a0 <strong>www.privilegeconciergerie.com<\/strong>, nous d\u00e9posions sur votre ordinateur un \u00a0\u00bb cookie \u00a0\u00bb qui, sauf objection de votre part \u2013 il vous est possible d\u2019\u00eatre inform\u00e9 de l\u2019envoi de ce \u00a0\u00bb cookie \u00a0\u00bb et de vous y opposer en configurant en cons\u00e9quence votre navigateur.<\/p>\n<p>Ceci nous permet d\u2019optimiser votre navigation sur notre site lors de vos prochaines visites (reconnaissance automatique de la langue d\u2019interface, d\u00e9marches raccourcies en cas de commande, etc.).<\/p>\n<p>L\u2019utilisation de cookies nous permet de mieux comprendre les activit\u00e9s de nos utilisateurs. Ces informations sont importantes puisqu\u2019elles nous permettent de continuer \u00e0 offrir des services qui r\u00e9pondent au mieux \u00e0 vos besoins et \u00e0 vos demandes. Les informations refl\u00e9tant le comportement des visiteurs de notre site sont compil\u00e9es sous forme agr\u00e9g\u00e9e et ne repr\u00e9sentent pas des informations individuelles facilement identifiables.<\/p>\n<p><strong>Finalit\u00e9s<\/strong><\/p>\n<p>Les donn\u00e9es vous concernant ne sont recueillies et trait\u00e9es qu\u2019aux seules fins mentionn\u00e9es ci-dessous :<\/p>\n<p>* R\u00e9ponses \u00e0 vos questions.<br \/>\n* R\u00e9alisation de statistiques.<br \/>\n* Personne de contact (donn\u00e9es optionnelles).<\/p>\n<p>Si dans le futur, vous ne souhaitiez plus \u00eatre contact\u00e9 (notamment par le biais d\u2019Email), il vous suffit de nous informer.<\/p>\n<p><strong>S\u00e9curit\u00e9<\/strong><\/p>\n<p>Si vous estimez que notre site ne respecte pas la r\u00e9glementation sur la protection de la vie priv\u00e9e, contactez- nous. Vous pouvez aussi contacter la Commission de la protection de la vie priv\u00e9e, Rue Haute, 139 \u00e0 1000 Bruxelles, t\u00e9l\u00e9phone : +32 (0)2 213 85 40, fax : +32 (0)2 213 85 65, Email :\u00a0<span id=\"cloak77742\"><a href=\"mailto:commission@privacycommission.be\">commission@privacycommission.be<\/a><\/span>.<\/p>\n<p>&nbsp;<\/p>","protected":false},"excerpt":{"rendered":"<p>Mentions l\u00e9gales Ville : Bruxelles Pays : Belgique E-mail : [&hellip;]<\/p>","protected":false},"author":1,"featured_media":0,"parent":0,"menu_order":0,"comment_status":"closed","ping_status":"closed","template":"","meta":{"content-type":"","footnotes":""},"class_list":["post-1809","page","type-page","status-publish","hentry"],"yoast_head":"<!-- This site is optimized with the Yoast SEO plugin v23.8 - https:\/\/yoast.com\/wordpress\/plugins\/seo\/ -->\n<title>Mentions l\u00e9gales - Privil\u00e8ge Conciergerie<\/title>\n<meta name=\"robots\" content=\"index, follow, max-snippet:-1, max-image-preview:large, max-video-preview:-1\" \/>\n<link rel=\"canonical\" href=\"https:\/\/privilegeconciergerie.com\/fr\/mentions-legales\/\" \/>\n<meta property=\"og:locale\" content=\"fr_FR\" \/>\n<meta property=\"og:type\" content=\"article\" \/>\n<meta property=\"og:title\" content=\"Mentions l\u00e9gales - Privil\u00e8ge Conciergerie\" \/>\n<meta property=\"og:description\" content=\"Mentions l\u00e9gales Ville : Bruxelles Pays : Belgique E-mail : [&hellip;]\" \/>\n<meta property=\"og:url\" content=\"https:\/\/privilegeconciergerie.com\/fr\/mentions-legales\/\" \/>\n<meta property=\"og:site_name\" content=\"Privil\u00e8ge Conciergerie\" \/>\n<meta property=\"article:publisher\" content=\"https:\/\/www.facebook.com\/Privilege-Conciergerie-2388972081335674\" \/>\n<meta property=\"article:modified_time\" content=\"2021-01-03T20:05:55+00:00\" \/>\n<meta name=\"twitter:card\" content=\"summary_large_image\" \/>\n<meta name=\"twitter:label1\" content=\"Dur\u00e9e de lecture est.\" \/>\n\t<meta name=\"twitter:data1\" content=\"5 minutes\" \/>\n<script type=\"application\/ld+json\" class=\"yoast-schema-graph\">{\"@context\":\"https:\/\/schema.org\",\"@graph\":[{\"@type\":\"WebPage\",\"@id\":\"https:\/\/privilegeconciergerie.com\/mentions-legales\/\",\"url\":\"https:\/\/privilegeconciergerie.com\/mentions-legales\/\",\"name\":\"Mentions l\u00e9gales - Privil\u00e8ge Conciergerie\",\"isPartOf\":{\"@id\":\"https:\/\/privilegeconciergerie.com\/#website\"},\"datePublished\":\"2021-01-03T19:33:08+00:00\",\"dateModified\":\"2021-01-03T20:05:55+00:00\",\"breadcrumb\":{\"@id\":\"https:\/\/privilegeconciergerie.com\/mentions-legales\/#breadcrumb\"},\"inLanguage\":\"fr-BE\",\"potentialAction\":[{\"@type\":\"ReadAction\",\"target\":[\"https:\/\/privilegeconciergerie.com\/mentions-legales\/\"]}]},{\"@type\":\"BreadcrumbList\",\"@id\":\"https:\/\/privilegeconciergerie.com\/mentions-legales\/#breadcrumb\",\"itemListElement\":[{\"@type\":\"ListItem\",\"position\":1,\"name\":\"Accueil\",\"item\":\"https:\/\/privilegeconciergerie.com\/\"},{\"@type\":\"ListItem\",\"position\":2,\"name\":\"Mentions l\u00e9gales\"}]},{\"@type\":\"WebSite\",\"@id\":\"https:\/\/privilegeconciergerie.com\/#website\",\"url\":\"https:\/\/privilegeconciergerie.com\/\",\"name\":\"Privil\u00e8ge Conciergerie\",\"description\":\"Votre conciergerie de luxe qui all\u00e8ge votre quotidien\",\"publisher\":{\"@id\":\"https:\/\/privilegeconciergerie.com\/#organization\"},\"potentialAction\":[{\"@type\":\"SearchAction\",\"target\":{\"@type\":\"EntryPoint\",\"urlTemplate\":\"https:\/\/privilegeconciergerie.com\/?s={search_term_string}\"},\"query-input\":{\"@type\":\"PropertyValueSpecification\",\"valueRequired\":true,\"valueName\":\"search_term_string\"}}],\"inLanguage\":\"fr-BE\"},{\"@type\":\"Organization\",\"@id\":\"https:\/\/privilegeconciergerie.com\/#organization\",\"name\":\"Privilege Conciergerie\",\"url\":\"https:\/\/privilegeconciergerie.com\/\",\"logo\":{\"@type\":\"ImageObject\",\"inLanguage\":\"fr-BE\",\"@id\":\"https:\/\/privilegeconciergerie.com\/#\/schema\/logo\/image\/\",\"url\":\"https:\/\/privilegeconciergerie.com\/wp-content\/uploads\/2020\/08\/LOGO-PNG-1-1-e1599738136330.png\",\"contentUrl\":\"https:\/\/privilegeconciergerie.com\/wp-content\/uploads\/2020\/08\/LOGO-PNG-1-1-e1599738136330.png\",\"width\":286,\"height\":220,\"caption\":\"Privilege Conciergerie\"},\"image\":{\"@id\":\"https:\/\/privilegeconciergerie.com\/#\/schema\/logo\/image\/\"},\"sameAs\":[\"https:\/\/www.facebook.com\/Privilege-Conciergerie-2388972081335674\",\"https:\/\/www.instagram.com\/privilege_conciergerie\/\"]}]}<\/script>\n<!-- \/ Yoast SEO plugin. -->","yoast_head_json":{"title":"Mentions l\u00e9gales - Privil\u00e8ge Conciergerie","robots":{"index":"index","follow":"follow","max-snippet":"max-snippet:-1","max-image-preview":"max-image-preview:large","max-video-preview":"max-video-preview:-1"},"canonical":"https:\/\/privilegeconciergerie.com\/fr\/mentions-legales\/","og_locale":"fr_FR","og_type":"article","og_title":"Mentions l\u00e9gales - Privil\u00e8ge Conciergerie","og_description":"Mentions l\u00e9gales Ville : Bruxelles Pays : Belgique E-mail : [&hellip;]","og_url":"https:\/\/privilegeconciergerie.com\/fr\/mentions-legales\/","og_site_name":"Privil\u00e8ge Conciergerie","article_publisher":"https:\/\/www.facebook.com\/Privilege-Conciergerie-2388972081335674","article_modified_time":"2021-01-03T20:05:55+00:00","twitter_card":"summary_large_image","twitter_misc":{"Dur\u00e9e de lecture est.":"5 minutes"},"schema":{"@context":"https:\/\/schema.org","@graph":[{"@type":"WebPage","@id":"https:\/\/privilegeconciergerie.com\/mentions-legales\/","url":"https:\/\/privilegeconciergerie.com\/mentions-legales\/","name":"Mentions l\u00e9gales - Privil\u00e8ge Conciergerie","isPartOf":{"@id":"https:\/\/privilegeconciergerie.com\/#website"},"datePublished":"2021-01-03T19:33:08+00:00","dateModified":"2021-01-03T20:05:55+00:00","breadcrumb":{"@id":"https:\/\/privilegeconciergerie.com\/mentions-legales\/#breadcrumb"},"inLanguage":"fr-BE","potentialAction":[{"@type":"ReadAction","target":["https:\/\/privilegeconciergerie.com\/mentions-legales\/"]}]},{"@type":"BreadcrumbList","@id":"https:\/\/privilegeconciergerie.com\/mentions-legales\/#breadcrumb","itemListElement":[{"@type":"ListItem","position":1,"name":"Accueil","item":"https:\/\/privilegeconciergerie.com\/"},{"@type":"ListItem","position":2,"name":"Mentions l\u00e9gales"}]},{"@type":"WebSite","@id":"https:\/\/privilegeconciergerie.com\/#website","url":"https:\/\/privilegeconciergerie.com\/","name":"Privil\u00e8ge Conciergerie","description":"Votre conciergerie de luxe qui all\u00e8ge votre quotidien","publisher":{"@id":"https:\/\/privilegeconciergerie.com\/#organization"},"potentialAction":[{"@type":"SearchAction","target":{"@type":"EntryPoint","urlTemplate":"https:\/\/privilegeconciergerie.com\/?s={search_term_string}"},"query-input":{"@type":"PropertyValueSpecification","valueRequired":true,"valueName":"search_term_string"}}],"inLanguage":"fr-BE"},{"@type":"Organization","@id":"https:\/\/privilegeconciergerie.com\/#organization","name":"Privilege Conciergerie","url":"https:\/\/privilegeconciergerie.com\/","logo":{"@type":"ImageObject","inLanguage":"fr-BE","@id":"https:\/\/privilegeconciergerie.com\/#\/schema\/logo\/image\/","url":"https:\/\/privilegeconciergerie.com\/wp-content\/uploads\/2020\/08\/LOGO-PNG-1-1-e1599738136330.png","contentUrl":"https:\/\/privilegeconciergerie.com\/wp-content\/uploads\/2020\/08\/LOGO-PNG-1-1-e1599738136330.png","width":286,"height":220,"caption":"Privilege Conciergerie"},"image":{"@id":"https:\/\/privilegeconciergerie.com\/#\/schema\/logo\/image\/"},"sameAs":["https:\/\/www.facebook.com\/Privilege-Conciergerie-2388972081335674","https:\/\/www.instagram.com\/privilege_conciergerie\/"]}]}},"_links":{"self":[{"href":"https:\/\/privilegeconciergerie.com\/fr\/wp-json\/wp\/v2\/pages\/1809","targetHints":{"allow":["GET"]}}],"collection":[{"href":"https:\/\/privilegeconciergerie.com\/fr\/wp-json\/wp\/v2\/pages"}],"about":[{"href":"https:\/\/privilegeconciergerie.com\/fr\/wp-json\/wp\/v2\/types\/page"}],"author":[{"embeddable":true,"href":"https:\/\/privilegeconciergerie.com\/fr\/wp-json\/wp\/v2\/users\/1"}],"replies":[{"embeddable":true,"href":"https:\/\/privilegeconciergerie.com\/fr\/wp-json\/wp\/v2\/comments?post=1809"}],"version-history":[{"count":3,"href":"https:\/\/privilegeconciergerie.com\/fr\/wp-json\/wp\/v2\/pages\/1809\/revisions"}],"predecessor-version":[{"id":1826,"href":"https:\/\/privilegeconciergerie.com\/fr\/wp-json\/wp\/v2\/pages\/1809\/revisions\/1826"}],"wp:attachment":[{"href":"https:\/\/privilegeconciergerie.com\/fr\/wp-json\/wp\/v2\/media?parent=1809"}],"curies":[{"name":"wp","href":"https:\/\/api.w.org\/{rel}","templated":true}]}}