{"id":1874,"date":"2021-01-10T12:02:01","date_gmt":"2021-01-10T11:02:01","guid":{"rendered":"https:\/\/privilegeconciergerie.com\/?page_id=1874"},"modified":"2021-01-10T12:02:01","modified_gmt":"2021-01-10T11:02:01","slug":"contact-sneakers","status":"publish","type":"page","link":"https:\/\/privilegeconciergerie.com\/fr\/contact-sneakers\/","title":{"rendered":"Contact Sneakers"},"content":{"rendered":"<p><div class=\"fusion-fullwidth fullwidth-box fusion-builder-row-1 fusion-flex-container nonhundred-percent-fullwidth non-hundred-percent-height-scrolling\" style=\"background-color: #ffffff;background-position: left top;background-repeat: no-repeat;border-width: 0px 0px 0px 0px;border-color:#eae9e9;border-style:solid;\" ><div class=\"fusion-builder-row fusion-row fusion-flex-align-items-flex-start\" style=\"max-width:1248px;margin-left: calc(-4% \/ 2 );margin-right: calc(-4% \/ 2 );\"><div class=\"fusion-layout-column fusion_builder_column fusion-builder-column-0 fusion_builder_column_1_1 1_1 fusion-flex-column\"><div class=\"fusion-column-wrapper fusion-flex-justify-content-flex-start fusion-content-layout-column\" style=\"background-position:left top;background-repeat:no-repeat;-webkit-background-size:cover;-moz-background-size:cover;-o-background-size:cover;background-size:cover;padding: 0px 0px 1px 0px;\"><style type=\"text\/css\">@media only screen and (max-width:1024px) {.fusion-title.fusion-title-1{margin-top:10px!important;margin-bottom:15px!important;}}@media only screen and (max-width:640px) {.fusion-title.fusion-title-1{margin-top:10px!important;margin-bottom:10px!important;}}<\/style><div class=\"fusion-title title fusion-title-1 fusion-sep-none fusion-title-center fusion-title-text fusion-title-size-one\" style=\"font-size:36px;margin-top:10px;margin-bottom:15px;\"><h1 class=\"title-heading-center\" style=\"margin:0;font-size:1em;\">CONTACTEZ PRIVILEGE CONCIERGERIE<\/h1><\/div><\/div><\/div><style type=\"text\/css\">.fusion-body .fusion-builder-column-0{width:100% !important;margin-top : 61px;margin-bottom : 3px;}.fusion-builder-column-0 > .fusion-column-wrapper {padding-top : 0px !important;padding-right : 0px !important;margin-right : 1.92%;padding-bottom : 1px !important;padding-left : 0px !important;margin-left : 1.92%;}@media only screen and (max-width:1024px) {.fusion-body .fusion-builder-column-0{width:100% !important;order : 0;}.fusion-builder-column-0 > .fusion-column-wrapper {margin-right : 1.92%;margin-left : 1.92%;}}@media only screen and (max-width:640px) {.fusion-body .fusion-builder-column-0{width:100% !important;order : 0;}.fusion-builder-column-0 > .fusion-column-wrapper {margin-right : 1.92%;margin-left : 1.92%;}}<\/style><\/div><style type=\"text\/css\">.fusion-body .fusion-flex-container.fusion-builder-row-1{ padding-top : 0px;margin-top : 0px;padding-right : 28px;padding-bottom : 21px;margin-bottom : 0px;padding-left : 24px;}<\/style><\/div><div class=\"fusion-fullwidth fullwidth-box fusion-builder-row-2 fusion-flex-container nonhundred-percent-fullwidth non-hundred-percent-height-scrolling\" style=\"background-color: #ffffff;background-position: center center;background-repeat: no-repeat;border-width: 0px 0px 0px 0px;border-color:#eae9e9;border-style:solid;\" ><div class=\"fusion-builder-row fusion-row fusion-flex-align-items-flex-start\" style=\"max-width:1248px;margin-left: calc(-4% \/ 2 );margin-right: calc(-4% \/ 2 );\"><div class=\"fusion-layout-column fusion_builder_column fusion-builder-column-1 fusion_builder_column_1_1 1_1 fusion-flex-column\"><div class=\"fusion-column-wrapper fusion-flex-justify-content-flex-start fusion-content-layout-column\" style=\"background-position:left top;background-repeat:no-repeat;-webkit-background-size:cover;-moz-background-size:cover;-o-background-size:cover;background-size:cover;padding: 0px 0px 0px 0px;\"><div class=\"fusion-separator fusion-full-width-sep\" style=\"align-self: center;margin-left: auto;margin-right: auto;width:100%;\"><div class=\"fusion-separator-border sep-shadow\" style=\"background:radial-gradient(ellipse at 50% -50% , #e0dede 0px, rgba(255, 255, 255, 0) 80%) repeat scroll 0 0 rgba(0, 0, 0, 0);background:-webkit-radial-gradient(ellipse at 50% -50% , #e0dede 0px, rgba(255, 255, 255, 0) 80%) repeat scroll 0 0 rgba(0, 0, 0, 0);background:-moz-radial-gradient(ellipse at 50% -50% , #e0dede 0px, rgba(255, 255, 255, 0) 80%) repeat scroll 0 0 rgba(0, 0, 0, 0);background:-o-radial-gradient(ellipse at 50% -50% , #e0dede 0px, rgba(255, 255, 255, 0) 80%) repeat scroll 0 0 rgba(0, 0, 0, 0);\"><\/div><\/div><\/div><\/div><style type=\"text\/css\">.fusion-body .fusion-builder-column-1{width:100% !important;margin-top : 0px;margin-bottom : 20px;}.fusion-builder-column-1 > .fusion-column-wrapper {padding-top : 0px !important;padding-right : 0px !important;margin-right : 1.92%;padding-bottom : 0px !important;padding-left : 0px !important;margin-left : 1.92%;}@media only screen and (max-width:1024px) {.fusion-body .fusion-builder-column-1{width:100% !important;order : 0;}.fusion-builder-column-1 > .fusion-column-wrapper {margin-right : 1.92%;margin-left : 1.92%;}}@media only screen and (max-width:640px) {.fusion-body .fusion-builder-column-1{width:100% !important;order : 0;}.fusion-builder-column-1 > .fusion-column-wrapper {margin-right : 1.92%;margin-left : 1.92%;}}<\/style><\/div><style type=\"text\/css\">.fusion-body .fusion-flex-container.fusion-builder-row-2{ padding-top : 0px;margin-top : 0px;padding-right : 0px;padding-bottom : 0px;margin-bottom : 0px;padding-left : 0px;}<\/style><\/div><div class=\"fusion-fullwidth fullwidth-box fusion-builder-row-3 fusion-flex-container nonhundred-percent-fullwidth non-hundred-percent-height-scrolling\" style=\"background-color: #ffffff;background-position: center center;background-repeat: no-repeat;border-width: 0px 0px 0px 0px;border-color:#eae9e9;border-style:solid;\" ><div class=\"fusion-builder-row fusion-row fusion-flex-align-items-flex-start\" style=\"max-width:1248px;margin-left: calc(-4% \/ 2 );margin-right: calc(-4% \/ 2 );\"><div class=\"fusion-layout-column fusion_builder_column fusion-builder-column-2 fusion_builder_column_1_2 1_2 fusion-flex-column\"><div class=\"fusion-column-wrapper fusion-flex-justify-content-flex-start fusion-content-layout-column\" style=\"background-position:left top;background-repeat:no-repeat;-webkit-background-size:cover;-moz-background-size:cover;-o-background-size:cover;background-size:cover;padding: 0px 0px 0px 0px;\">\n<div class=\"wpcf7 no-js\" id=\"wpcf7-f1873-o1\" lang=\"fr-FR\" dir=\"ltr\" data-wpcf7-id=\"1873\">\n<div class=\"screen-reader-response\"><p role=\"status\" aria-live=\"polite\" aria-atomic=\"true\"><\/p> <ul><\/ul><\/div>\n<form action=\"\/fr\/wp-json\/wp\/v2\/pages\/1874#wpcf7-f1873-o1\" method=\"post\" class=\"wpcf7-form init\" aria-label=\"Formulaire de contact\" novalidate=\"novalidate\" data-status=\"init\" data-trp-original-action=\"\/fr\/wp-json\/wp\/v2\/pages\/1874#wpcf7-f1873-o1\">\n<div style=\"display: none;\">\n<input type=\"hidden\" name=\"_wpcf7\" value=\"1873\" \/>\n<input type=\"hidden\" name=\"_wpcf7_version\" value=\"6.0\" \/>\n<input type=\"hidden\" name=\"_wpcf7_locale\" value=\"fr_FR\" \/>\n<input type=\"hidden\" name=\"_wpcf7_unit_tag\" value=\"wpcf7-f1873-o1\" \/>\n<input type=\"hidden\" name=\"_wpcf7_container_post\" value=\"0\" \/>\n<input type=\"hidden\" name=\"_wpcf7_posted_data_hash\" value=\"\" \/>\n<\/div>\n<div style=\"color: #000000\">\n\t<div class=\"fusion-one-half fusion-layout-column fusion-spacing-yes\">\n\t\t<p><label> Nom <span style=\"color:#FF0000\";>*<\/span><br \/>\n<span class=\"wpcf7-form-control-wrap\" data-name=\"your-name\"><input size=\"40\" maxlength=\"400\" class=\"wpcf7-form-control wpcf7-text wpcf7-validates-as-required\" aria-required=\"true\" aria-invalid=\"false\" value=\"\" type=\"text\" name=\"your-name\" \/><\/span> <\/label>\n\t\t<\/p>\n\t<\/div>\n\t<div class=\"fusion-one-half fusion-layout-column fusion-column-last fusion-spacing-yes\">\n\t\t<p><label> Pr\u00e9nom <span style=\"color:#FF0000\";>*<\/span><br \/>\n<span class=\"wpcf7-form-control-wrap\" data-name=\"your-Firstname\"><input size=\"40\" maxlength=\"400\" class=\"wpcf7-form-control wpcf7-text wpcf7-validates-as-required\" aria-required=\"true\" aria-invalid=\"false\" value=\"\" type=\"text\" name=\"your-Firstname\" \/><\/span> <\/label>\n\t\t<\/p>\n\t<\/div>\n\t<p><label> E-mail ou T\u00e9l\u00e9phone <span style=\"color:#FF0000\";>*<\/span><br \/>\n<span class=\"wpcf7-form-control-wrap\" data-name=\"your-email\"><input size=\"40\" maxlength=\"400\" class=\"wpcf7-form-control wpcf7-email wpcf7-validates-as-required wpcf7-text wpcf7-validates-as-email\" aria-required=\"true\" aria-invalid=\"false\" value=\"\" type=\"email\" name=\"your-email\" \/><\/span> <\/label>\n\t<\/p>\n\t<div class=\"fusion-one-half fusion-layout-column fusion-spacing-yes\">\n\t\t<p><label> Marque <span style=\"color:#FF0000\";>*<\/span><br \/>\n<span class=\"wpcf7-form-control-wrap\" data-name=\"Marque\"><input size=\"40\" maxlength=\"400\" class=\"wpcf7-form-control wpcf7-text wpcf7-validates-as-required\" aria-required=\"true\" aria-invalid=\"false\" value=\"\" type=\"text\" name=\"Marque\" \/><\/span> <\/label>\n\t\t<\/p>\n\t<\/div>\n\t<div class=\"fusion-one-half fusion-layout-column fusion-column-last fusion-spacing-yes\">\n\t\t<p><label> Mod\u00e8le <span style=\"color:#FF0000\";>*<\/span><br \/>\n<span class=\"wpcf7-form-control-wrap\" data-name=\"Modele\"><input size=\"40\" maxlength=\"400\" class=\"wpcf7-form-control wpcf7-text wpcf7-validates-as-required\" aria-required=\"true\" aria-invalid=\"false\" value=\"\" type=\"text\" name=\"Modele\" \/><\/span> <\/label>\n\t\t<\/p>\n\t<\/div>\n\t<div class=\"fusion-one-half fusion-layout-column fusion-spacing-yes\">\n\t\t<p><label> Pointure <span style=\"color:#FF0000\";>*<\/span><br \/>\n<span class=\"wpcf7-form-control-wrap\" data-name=\"Pointure\"><input size=\"40\" maxlength=\"400\" class=\"wpcf7-form-control wpcf7-text wpcf7-validates-as-required\" aria-required=\"true\" aria-invalid=\"false\" value=\"\" type=\"text\" name=\"Pointure\" \/><\/span> <\/label>\n\t\t<\/p>\n\t<\/div>\n\t<div class=\"fusion-one-half fusion-layout-column fusion-column-last fusion-spacing-yes\">\n\t\t<p><label> Couleur <span style=\"color:#FF0000\";>*<\/span><br \/>\n<span class=\"wpcf7-form-control-wrap\" data-name=\"Couleur\"><input size=\"40\" maxlength=\"400\" class=\"wpcf7-form-control wpcf7-text wpcf7-validates-as-required\" aria-required=\"true\" aria-invalid=\"false\" value=\"\" type=\"text\" name=\"Couleur\" \/><\/span> <\/label>\n\t\t<\/p>\n\t<\/div>\n\t<p><label> Votre message<br \/>\n<span class=\"wpcf7-form-control-wrap\" data-name=\"your-message\"><textarea cols=\"40\" rows=\"10\" maxlength=\"2000\" class=\"wpcf7-form-control wpcf7-textarea wpcf7-validates-as-required\" aria-required=\"true\" aria-invalid=\"false\" name=\"your-message\"><\/textarea><\/span> <\/label>\n\t<\/p>\n\t<p><label><span class=\"wpcf7-form-control-wrap\" data-name=\"PolitiquePrivilge\"><span class=\"wpcf7-form-control wpcf7-acceptance\"><span class=\"wpcf7-list-item\"><input type=\"checkbox\" name=\"PolitiquePrivilge\" value=\"1\" aria-invalid=\"false\" \/><\/span><\/span><\/span> En cochant cette case, j\u2019accepte la Politique de confidentialit\u00e9 de Privil\u00e8ge Conciergerie<br \/>\n<\/label><br \/>\n<div id=\"cf7sr-69e3a40d3455b\" class=\"cf7sr-g-recaptcha\" data-theme=\"light\" data-type=\"image\" data-size=\"normal\" data-sitekey=\"6LevS6soAAAAAK2tODgCn3lgVfImAzVJjsCAdrJN\"><\/div><span class=\"wpcf7-form-control-wrap cf7sr-recaptcha\" data-name=\"cf7sr-recaptcha\"><input type=\"hidden\" name=\"cf7sr-recaptcha\" value=\"\" class=\"wpcf7-form-control\"><\/span><br \/>\n\t\t<center> <input class=\"wpcf7-form-control wpcf7-submit has-spinner\" type=\"submit\" value=\"Envoyer\" \/>\n\t\t<\/center>\n\t<\/p>\n<\/div><p style=\"display: none !important;\" class=\"akismet-fields-container\" data-prefix=\"_wpcf7_ak_\"><label>&#916;<textarea name=\"_wpcf7_ak_hp_textarea\" cols=\"45\" rows=\"8\" maxlength=\"100\"><\/textarea><\/label><input type=\"hidden\" id=\"ak_js_1\" name=\"_wpcf7_ak_js\" value=\"127\"\/><script>document.getElementById( \"ak_js_1\" ).setAttribute( \"value\", ( new Date() ).getTime() );<\/script><\/p><div class=\"fusion-alert alert custom alert-custom fusion-alert-center wpcf7-response-output alert-dismissable\" style=\"border-width:1px;\"><button type=\"button\" class=\"close toggle-alert\" data-dismiss=\"alert\" aria-hidden=\"true\">&times;<\/button><div class=\"fusion-alert-content-wrapper\"><span class=\"fusion-alert-content\"><\/span><\/div><\/div>\n<input type=\"hidden\" name=\"trp-form-language\" value=\"fr\"\/><\/form>\n<\/div>\n<\/div><\/div><style type=\"text\/css\">.fusion-body .fusion-builder-column-2{width:50% !important;margin-top : 0px;margin-bottom : 20px;}.fusion-builder-column-2 > .fusion-column-wrapper {padding-top : 0px !important;padding-right : 0px !important;margin-right : 3.84%;padding-bottom : 0px !important;padding-left : 0px !important;margin-left : 3.84%;}@media only screen and (max-width:1024px) {.fusion-body .fusion-builder-column-2{width:50% !important;order : 0;}.fusion-builder-column-2 > .fusion-column-wrapper {margin-right : 3.84%;margin-left : 3.84%;}}@media only screen and (max-width:640px) {.fusion-body .fusion-builder-column-2{width:100% !important;order : 0;}.fusion-builder-column-2 > .fusion-column-wrapper {margin-right : 1.92%;margin-left : 1.92%;}}<\/style><div class=\"fusion-layout-column fusion_builder_column fusion-builder-column-3 fusion_builder_column_1_2 1_2 fusion-flex-column fusion-flex-align-self-stretch\"><div class=\"fusion-column-wrapper fusion-flex-justify-content-flex-start fusion-content-layout-column\" style=\"background-position:left top;background-repeat:no-repeat;-webkit-background-size:cover;-moz-background-size:cover;-o-background-size:cover;background-size:cover;padding: 0px 0px 0px 0px;\"><div style=\"text-align:center;\"><span class=\"fusion-imageframe imageframe-none imageframe-1 hover-type-none fusion-animated\" data-animationtype=\"rubberBand\" data-animationduration=\"0.3\" data-animationoffset=\"bottom-in-view\"><a class=\"fusion-no-lightbox\" href=\"https:\/\/privilegeconciergerie.com\/index.php\/contact\/\" target=\"_self\" aria-label=\"LOGO PNG\"><img decoding=\"async\" width=\"286\" height=\"220\" src=\"http:\/\/privilegeconciergerie.com\/wp-content\/uploads\/2020\/08\/LOGO-PNG-1-1-e1599738136330.png\" class=\"img-responsive wp-image-731\"\/><\/a><\/span><\/div><div class=\"fusion-text fusion-text-1\" style=\"text-align:center;color:#000000;transform:translate3d(0,0,0);\"><p>R\u00e9pondre \u00e0 vos d\u00e9sirs sont nos objectifs.<br \/>\nVous d\u00e9sirez vous procurer le dernier article \u00e0 la mode, r\u00e9server un van, un jet priv\u00e9, organiser une soir\u00e9e priv\u00e9 ou encore r\u00e9aliser un city trip \u00e0 Londres ?<br \/>\nNotre conciergerie de luxe situ\u00e9 en Belgique et nos partenaires \u00e0 l&rsquo;international s&rsquo;occupent de tout.<br \/>\nRemplissez le formulaire et nous nous chargerons de vous r\u00e9pondre au plus vite.<\/p>\n<\/div><div class=\"fusion-separator fusion-full-width-sep\" style=\"align-self: center;margin-left: auto;margin-right: auto;width:100%;\"><div class=\"fusion-separator-border sep-double sep-solid\" style=\"border-color:#ffffff;border-top-width:10px;border-bottom-width:10px;\"><\/div><\/div><div class=\"fusion-social-links\" style=\"text-align:center\"><div class=\"fusion-social-networks boxed-icons\"><div class=\"fusion-social-networks-wrapper\"><a class=\"fusion-social-network-icon fusion-tooltip fusion-facebook fusion-icon-facebook\" style=\"color:rgba(229,206,78,0.9);font-size:16px;width: calc(16px + (2 * (8px)) + 2px);background-color: #000000;border-color: #000000;border-radius:4px;\" data-placement=\"top\" data-title=\"Facebook\" data-toggle=\"tooltip\" title=\"Facebook\" aria-label=\"facebook\" target=\"_blank\" rel=\"noopener noreferrer\" href=\"https:\/\/www.facebook.com\/Privilege-Conciergerie-2388972081335674\"><\/a><a class=\"fusion-social-network-icon fusion-tooltip fusion-instagram fusion-icon-instagram\" style=\"color:rgba(229,206,78,0.9);font-size:16px;width: calc(16px + (2 * (8px)) + 2px);background-color: #000000;border-color: #000000;border-radius:4px;\" data-placement=\"top\" data-title=\"Instagram\" data-toggle=\"tooltip\" title=\"Instagram\" aria-label=\"instagram\" target=\"_blank\" rel=\"noopener noreferrer\" href=\"https:\/\/www.instagram.com\/privilege_conciergerie\/\"><\/a><a class=\"fusion-social-network-icon fusion-tooltip fusion-mail fusion-icon-mail\" style=\"color:rgba(229,206,78,0.9);font-size:16px;width: calc(16px + (2 * (8px)) + 2px);background-color: #000000;border-color: #000000;border-radius:4px;\" data-placement=\"top\" data-title=\"Email\" data-toggle=\"tooltip\" title=\"Email\" aria-label=\"mail\" target=\"_blank\" rel=\"noopener noreferrer\" href=\"mailto:i&#110;fo&#064;&#112;r&#105;vil&#101;&#103;&#101;c&#111;nc&#105;&#101;&#114;g&#101;&#114;i&#101;.&#099;&#111;m\"><\/a><\/div><\/div><\/div><\/div><\/div><style type=\"text\/css\">.fusion-body .fusion-builder-column-3{width:50% !important;margin-top : 23px;margin-bottom : 20px;}.fusion-builder-column-3 > .fusion-column-wrapper {padding-top : 0px !important;padding-right : 0px !important;margin-right : 3.84%;padding-bottom : 0px !important;padding-left : 0px !important;margin-left : 12.48%;}@media only screen and (max-width:1024px) {.fusion-body .fusion-builder-column-3{width:50% !important;order : 0;}.fusion-builder-column-3 > .fusion-column-wrapper {margin-right : 3.84%;margin-left : 12.48%;}}@media only screen and (max-width:640px) {.fusion-body .fusion-builder-column-3{width:100% !important;order : 0;}.fusion-builder-column-3 > .fusion-column-wrapper {margin-right : 1.92%;margin-left : 1.92%;}}<\/style><\/div><style type=\"text\/css\">.fusion-body .fusion-flex-container.fusion-builder-row-3{ padding-top : 0px;margin-top : 0px;padding-right : 0px;padding-bottom : 0px;margin-bottom : 0px;padding-left : 0px;}<\/style><\/div><\/p>","protected":false},"excerpt":{"rendered":"","protected":false},"author":1,"featured_media":0,"parent":0,"menu_order":0,"comment_status":"closed","ping_status":"closed","template":"100-width.php","meta":{"content-type":"","footnotes":""},"class_list":["post-1874","page","type-page","status-publish","hentry"],"yoast_head":"<!-- This site is optimized with the Yoast SEO plugin v23.8 - https:\/\/yoast.com\/wordpress\/plugins\/seo\/ -->\n<title>Contact Sneakers - Privil\u00e8ge Conciergerie<\/title>\n<meta name=\"description\" content=\"Rejoignez notre cercle ferm\u00e9 de privil\u00e9gi\u00e9s. La relation de confiance est l&#039;essence m\u00eame de Privil\u00e8ge. Contactez Nous !\" \/>\n<meta name=\"robots\" content=\"index, follow, max-snippet:-1, max-image-preview:large, max-video-preview:-1\" \/>\n<link rel=\"canonical\" href=\"https:\/\/privilegeconciergerie.com\/fr\/contact-sneakers\/\" \/>\n<meta property=\"og:locale\" content=\"fr_FR\" \/>\n<meta property=\"og:type\" content=\"article\" \/>\n<meta property=\"og:title\" content=\"Contact Sneakers - Privil\u00e8ge Conciergerie\" \/>\n<meta property=\"og:description\" content=\"Rejoignez notre cercle ferm\u00e9 de privil\u00e9gi\u00e9s. La relation de confiance est l&#039;essence m\u00eame de Privil\u00e8ge. Contactez Nous !\" \/>\n<meta property=\"og:url\" content=\"https:\/\/privilegeconciergerie.com\/fr\/contact-sneakers\/\" \/>\n<meta property=\"og:site_name\" content=\"Privil\u00e8ge Conciergerie\" \/>\n<meta property=\"article:publisher\" content=\"https:\/\/www.facebook.com\/Privilege-Conciergerie-2388972081335674\" \/>\n<meta name=\"twitter:card\" content=\"summary_large_image\" \/>\n<meta name=\"twitter:label1\" content=\"Dur\u00e9e de lecture est.\" \/>\n\t<meta name=\"twitter:data1\" content=\"9 minutes\" \/>\n<script type=\"application\/ld+json\" class=\"yoast-schema-graph\">{\"@context\":\"https:\/\/schema.org\",\"@graph\":[{\"@type\":\"WebPage\",\"@id\":\"https:\/\/privilegeconciergerie.com\/contact-sneakers\/\",\"url\":\"https:\/\/privilegeconciergerie.com\/contact-sneakers\/\",\"name\":\"Contact Sneakers - Privil\u00e8ge Conciergerie\",\"isPartOf\":{\"@id\":\"https:\/\/privilegeconciergerie.com\/#website\"},\"datePublished\":\"2021-01-10T11:02:01+00:00\",\"dateModified\":\"2021-01-10T11:02:01+00:00\",\"description\":\"Rejoignez notre cercle ferm\u00e9 de privil\u00e9gi\u00e9s. La relation de confiance est l'essence m\u00eame de Privil\u00e8ge. Contactez Nous !\",\"breadcrumb\":{\"@id\":\"https:\/\/privilegeconciergerie.com\/contact-sneakers\/#breadcrumb\"},\"inLanguage\":\"fr-BE\",\"potentialAction\":[{\"@type\":\"ReadAction\",\"target\":[\"https:\/\/privilegeconciergerie.com\/contact-sneakers\/\"]}]},{\"@type\":\"BreadcrumbList\",\"@id\":\"https:\/\/privilegeconciergerie.com\/contact-sneakers\/#breadcrumb\",\"itemListElement\":[{\"@type\":\"ListItem\",\"position\":1,\"name\":\"Accueil\",\"item\":\"https:\/\/privilegeconciergerie.com\/\"},{\"@type\":\"ListItem\",\"position\":2,\"name\":\"Contact Sneakers\"}]},{\"@type\":\"WebSite\",\"@id\":\"https:\/\/privilegeconciergerie.com\/#website\",\"url\":\"https:\/\/privilegeconciergerie.com\/\",\"name\":\"Privil\u00e8ge Conciergerie\",\"description\":\"Votre conciergerie de luxe qui all\u00e8ge votre quotidien\",\"publisher\":{\"@id\":\"https:\/\/privilegeconciergerie.com\/#organization\"},\"potentialAction\":[{\"@type\":\"SearchAction\",\"target\":{\"@type\":\"EntryPoint\",\"urlTemplate\":\"https:\/\/privilegeconciergerie.com\/?s={search_term_string}\"},\"query-input\":{\"@type\":\"PropertyValueSpecification\",\"valueRequired\":true,\"valueName\":\"search_term_string\"}}],\"inLanguage\":\"fr-BE\"},{\"@type\":\"Organization\",\"@id\":\"https:\/\/privilegeconciergerie.com\/#organization\",\"name\":\"Privilege Conciergerie\",\"url\":\"https:\/\/privilegeconciergerie.com\/\",\"logo\":{\"@type\":\"ImageObject\",\"inLanguage\":\"fr-BE\",\"@id\":\"https:\/\/privilegeconciergerie.com\/#\/schema\/logo\/image\/\",\"url\":\"https:\/\/privilegeconciergerie.com\/wp-content\/uploads\/2020\/08\/LOGO-PNG-1-1-e1599738136330.png\",\"contentUrl\":\"https:\/\/privilegeconciergerie.com\/wp-content\/uploads\/2020\/08\/LOGO-PNG-1-1-e1599738136330.png\",\"width\":286,\"height\":220,\"caption\":\"Privilege Conciergerie\"},\"image\":{\"@id\":\"https:\/\/privilegeconciergerie.com\/#\/schema\/logo\/image\/\"},\"sameAs\":[\"https:\/\/www.facebook.com\/Privilege-Conciergerie-2388972081335674\",\"https:\/\/www.instagram.com\/privilege_conciergerie\/\"]}]}<\/script>\n<!-- \/ Yoast SEO plugin. -->","yoast_head_json":{"title":"Contact Sneakers - Privil\u00e8ge Conciergerie","description":"Rejoignez notre cercle ferm\u00e9 de privil\u00e9gi\u00e9s. La relation de confiance est l'essence m\u00eame de Privil\u00e8ge. Contactez Nous !","robots":{"index":"index","follow":"follow","max-snippet":"max-snippet:-1","max-image-preview":"max-image-preview:large","max-video-preview":"max-video-preview:-1"},"canonical":"https:\/\/privilegeconciergerie.com\/fr\/contact-sneakers\/","og_locale":"fr_FR","og_type":"article","og_title":"Contact Sneakers - Privil\u00e8ge Conciergerie","og_description":"Rejoignez notre cercle ferm\u00e9 de privil\u00e9gi\u00e9s. La relation de confiance est l'essence m\u00eame de Privil\u00e8ge. Contactez Nous !","og_url":"https:\/\/privilegeconciergerie.com\/fr\/contact-sneakers\/","og_site_name":"Privil\u00e8ge Conciergerie","article_publisher":"https:\/\/www.facebook.com\/Privilege-Conciergerie-2388972081335674","twitter_card":"summary_large_image","twitter_misc":{"Dur\u00e9e de lecture est.":"9 minutes"},"schema":{"@context":"https:\/\/schema.org","@graph":[{"@type":"WebPage","@id":"https:\/\/privilegeconciergerie.com\/contact-sneakers\/","url":"https:\/\/privilegeconciergerie.com\/contact-sneakers\/","name":"Contact Sneakers - Privil\u00e8ge Conciergerie","isPartOf":{"@id":"https:\/\/privilegeconciergerie.com\/#website"},"datePublished":"2021-01-10T11:02:01+00:00","dateModified":"2021-01-10T11:02:01+00:00","description":"Rejoignez notre cercle ferm\u00e9 de privil\u00e9gi\u00e9s. La relation de confiance est l'essence m\u00eame de Privil\u00e8ge. Contactez Nous !","breadcrumb":{"@id":"https:\/\/privilegeconciergerie.com\/contact-sneakers\/#breadcrumb"},"inLanguage":"fr-BE","potentialAction":[{"@type":"ReadAction","target":["https:\/\/privilegeconciergerie.com\/contact-sneakers\/"]}]},{"@type":"BreadcrumbList","@id":"https:\/\/privilegeconciergerie.com\/contact-sneakers\/#breadcrumb","itemListElement":[{"@type":"ListItem","position":1,"name":"Accueil","item":"https:\/\/privilegeconciergerie.com\/"},{"@type":"ListItem","position":2,"name":"Contact Sneakers"}]},{"@type":"WebSite","@id":"https:\/\/privilegeconciergerie.com\/#website","url":"https:\/\/privilegeconciergerie.com\/","name":"Privil\u00e8ge Conciergerie","description":"Votre conciergerie de luxe qui all\u00e8ge votre quotidien","publisher":{"@id":"https:\/\/privilegeconciergerie.com\/#organization"},"potentialAction":[{"@type":"SearchAction","target":{"@type":"EntryPoint","urlTemplate":"https:\/\/privilegeconciergerie.com\/?s={search_term_string}"},"query-input":{"@type":"PropertyValueSpecification","valueRequired":true,"valueName":"search_term_string"}}],"inLanguage":"fr-BE"},{"@type":"Organization","@id":"https:\/\/privilegeconciergerie.com\/#organization","name":"Privilege Conciergerie","url":"https:\/\/privilegeconciergerie.com\/","logo":{"@type":"ImageObject","inLanguage":"fr-BE","@id":"https:\/\/privilegeconciergerie.com\/#\/schema\/logo\/image\/","url":"https:\/\/privilegeconciergerie.com\/wp-content\/uploads\/2020\/08\/LOGO-PNG-1-1-e1599738136330.png","contentUrl":"https:\/\/privilegeconciergerie.com\/wp-content\/uploads\/2020\/08\/LOGO-PNG-1-1-e1599738136330.png","width":286,"height":220,"caption":"Privilege Conciergerie"},"image":{"@id":"https:\/\/privilegeconciergerie.com\/#\/schema\/logo\/image\/"},"sameAs":["https:\/\/www.facebook.com\/Privilege-Conciergerie-2388972081335674","https:\/\/www.instagram.com\/privilege_conciergerie\/"]}]}},"_links":{"self":[{"href":"https:\/\/privilegeconciergerie.com\/fr\/wp-json\/wp\/v2\/pages\/1874","targetHints":{"allow":["GET"]}}],"collection":[{"href":"https:\/\/privilegeconciergerie.com\/fr\/wp-json\/wp\/v2\/pages"}],"about":[{"href":"https:\/\/privilegeconciergerie.com\/fr\/wp-json\/wp\/v2\/types\/page"}],"author":[{"embeddable":true,"href":"https:\/\/privilegeconciergerie.com\/fr\/wp-json\/wp\/v2\/users\/1"}],"replies":[{"embeddable":true,"href":"https:\/\/privilegeconciergerie.com\/fr\/wp-json\/wp\/v2\/comments?post=1874"}],"version-history":[{"count":1,"href":"https:\/\/privilegeconciergerie.com\/fr\/wp-json\/wp\/v2\/pages\/1874\/revisions"}],"predecessor-version":[{"id":1875,"href":"https:\/\/privilegeconciergerie.com\/fr\/wp-json\/wp\/v2\/pages\/1874\/revisions\/1875"}],"wp:attachment":[{"href":"https:\/\/privilegeconciergerie.com\/fr\/wp-json\/wp\/v2\/media?parent=1874"}],"curies":[{"name":"wp","href":"https:\/\/api.w.org\/{rel}","templated":true}]}}